{"id":24971,"date":"2024-08-08T10:06:19","date_gmt":"2024-08-08T10:06:19","guid":{"rendered":"https:\/\/inu.de\/?page_id=24971"},"modified":"2024-08-09T11:32:42","modified_gmt":"2024-08-09T11:32:42","slug":"freunde-werben-freunde","status":"publish","type":"page","link":"https:\/\/inu.de\/en\/freunde-werben-freunde\/","title":{"rendered":"Freunde werben Freunde"},"content":{"rendered":"\t\t<div data-elementor-type=\"wp-page\" data-elementor-id=\"24971\" class=\"elementor elementor-24971 elementor-24937\" data-elementor-post-type=\"page\">\n\t\t\t\t<div class=\"elementor-element elementor-element-ef34181 e-con-full elementor-hidden-desktop e-flex e-con e-child\" data-id=\"ef34181\" data-element_type=\"container\" data-e-type=\"container\" id=\"inu\" data-settings=\"{&quot;background_background&quot;:&quot;classic&quot;,&quot;shape_divider_bottom&quot;:&quot;tilt&quot;}\">\n\t\t\t\t<div class=\"elementor-shape elementor-shape-bottom\" aria-hidden=\"true\" data-negative=\"false\">\n\t\t\t<svg xmlns=\"http:\/\/www.w3.org\/2000\/svg\" viewBox=\"0 0 1000 100\" preserveAspectRatio=\"none\">\n\t<path class=\"elementor-shape-fill\" d=\"M0,6V0h1000v100L0,6z\"\/>\n<\/svg>\t\t<\/div>\n\t\t\t\t<div class=\"elementor-element elementor-element-3176323 elementor-widget elementor-widget-image\" data-id=\"3176323\" data-element_type=\"widget\" data-e-type=\"widget\" data-widget_type=\"image.default\">\n\t\t\t\t<div class=\"elementor-widget-container\">\n\t\t\t\t\t\t\t\t\t\t\t\t\t\t\t<img fetchpriority=\"high\" decoding=\"async\" width=\"800\" height=\"534\" src=\"https:\/\/inu.de\/wp-content\/uploads\/2024\/08\/Freunde_werben_Freunde_inu-1024x683.jpg\" class=\"attachment-large size-large wp-image-24959\" alt=\"\" srcset=\"https:\/\/inu.de\/wp-content\/uploads\/2024\/08\/Freunde_werben_Freunde_inu-1024x683.jpg 1024w, https:\/\/inu.de\/wp-content\/uploads\/2024\/08\/Freunde_werben_Freunde_inu-600x400.jpg 600w, https:\/\/inu.de\/wp-content\/uploads\/2024\/08\/Freunde_werben_Freunde_inu-300x200.jpg 300w, https:\/\/inu.de\/wp-content\/uploads\/2024\/08\/Freunde_werben_Freunde_inu-768x512.jpg 768w, https:\/\/inu.de\/wp-content\/uploads\/2024\/08\/Freunde_werben_Freunde_inu.jpg 1200w\" sizes=\"(max-width: 800px) 100vw, 800px\" \/>\t\t\t\t\t\t\t\t\t\t\t\t\t\t\t<\/div>\n\t\t\t\t<\/div>\n\t\t\t\t<\/div>\n\t\t<div class=\"elementor-element elementor-element-e13c530 e-flex e-con-boxed e-con e-parent\" data-id=\"e13c530\" data-element_type=\"container\" data-e-type=\"container\" data-settings=\"{&quot;background_background&quot;:&quot;classic&quot;}\">\n\t\t\t\t\t<div class=\"e-con-inner\">\n\t\t\t\t<div class=\"elementor-element elementor-element-6e1badb elementor-widget elementor-widget-heading\" data-id=\"6e1badb\" data-element_type=\"widget\" data-e-type=\"widget\" data-settings=\"{&quot;_animation&quot;:&quot;none&quot;}\" data-widget_type=\"heading.default\">\n\t\t\t\t<div class=\"elementor-widget-container\">\n\t\t\t\t\t<h1 class=\"elementor-heading-title elementor-size-default\">Freunde<br>werben<br>Freunde<\/h1>\t\t\t\t<\/div>\n\t\t\t\t<\/div>\n\t\t\t\t<div class=\"elementor-element elementor-element-88ca61a elementor-align-left elementor-widget elementor-widget-button\" data-id=\"88ca61a\" data-element_type=\"widget\" data-e-type=\"widget\" data-settings=\"{&quot;_animation&quot;:&quot;none&quot;}\" data-widget_type=\"button.default\">\n\t\t\t\t<div class=\"elementor-widget-container\">\n\t\t\t\t\t\t\t\t\t<div class=\"elementor-button-wrapper\">\n\t\t\t\t\t<a class=\"elementor-button elementor-button-link elementor-size-sm elementor-animation-bob\" href=\"https:\/\/inu.de\/an-der-inu-bewerben\/#inu\">\n\t\t\t\t\t\t<span class=\"elementor-button-content-wrapper\">\n\t\t\t\t\t\t<span class=\"elementor-button-icon\">\n\t\t\t\t<svg aria-hidden=\"true\" class=\"e-font-icon-svg e-fas-angle-right\" viewBox=\"0 0 256 512\" xmlns=\"http:\/\/www.w3.org\/2000\/svg\"><path d=\"M224.3 273l-136 136c-9.4 9.4-24.6 9.4-33.9 0l-22.6-22.6c-9.4-9.4-9.4-24.6 0-33.9l96.4-96.4-96.4-96.4c-9.4-9.4-9.4-24.6 0-33.9L54.3 103c9.4-9.4 24.6-9.4 33.9 0l136 136c9.5 9.4 9.5 24.6.1 34z\"><\/path><\/svg>\t\t\t<\/span>\n\t\t\t\t\t\t\t\t\t<span class=\"elementor-button-text\">Hier gehts zur BEwerbung<\/span>\n\t\t\t\t\t<\/span>\n\t\t\t\t\t<\/a>\n\t\t\t\t<\/div>\n\t\t\t\t\t\t\t\t<\/div>\n\t\t\t\t<\/div>\n\t\t\t\t\t<\/div>\n\t\t\t\t<\/div>\n\t\t<div class=\"elementor-element elementor-element-181e867 e-flex e-con-boxed e-con e-child\" data-id=\"181e867\" data-element_type=\"container\" data-e-type=\"container\" data-settings=\"{&quot;background_background&quot;:&quot;classic&quot;}\">\n\t\t\t\t\t<div class=\"e-con-inner\">\n\t\t\t\t<div class=\"elementor-element elementor-element-0a81002 elementor-widget-tablet__width-inherit elementor-widget elementor-widget-heading\" data-id=\"0a81002\" data-element_type=\"widget\" data-e-type=\"widget\" data-widget_type=\"heading.default\">\n\t\t\t\t<div class=\"elementor-widget-container\">\n\t\t\t\t\t<h2 class=\"elementor-heading-title elementor-size-default\">Den Studienweg gemeinsam gehen und Empfehlungsbonus sichern! So geht\u2019s! <\/h2>\t\t\t\t<\/div>\n\t\t\t\t<\/div>\n\t\t\t\t\t<\/div>\n\t\t\t\t<\/div>\n\t\t\t\t<section class=\"elementor-section elementor-top-section elementor-element elementor-element-b478909 elementor-reverse-tablet elementor-section-boxed elementor-section-height-default elementor-section-height-default\" data-id=\"b478909\" data-element_type=\"section\" data-e-type=\"section\">\n\t\t\t\t\t\t<div class=\"elementor-container elementor-column-gap-no\">\n\t\t\t\t\t<div class=\"elementor-column elementor-col-50 elementor-top-column elementor-element elementor-element-19db16b\" data-id=\"19db16b\" data-element_type=\"column\" data-e-type=\"column\">\n\t\t\t<div class=\"elementor-widget-wrap elementor-element-populated\">\n\t\t\t\t\t\t<div class=\"elementor-element elementor-element-3d02430 elementor-widget elementor-widget-heading\" data-id=\"3d02430\" data-element_type=\"widget\" data-e-type=\"widget\" data-widget_type=\"heading.default\">\n\t\t\t\t<div class=\"elementor-widget-container\">\n\t\t\t\t\t<h2 class=\"elementor-heading-title elementor-size-default\">Du hast bei uns an der INU deinen Studienvertrag unterschrieben und bist immatrikuliert.<\/h2>\t\t\t\t<\/div>\n\t\t\t\t<\/div>\n\t\t\t\t<div class=\"elementor-element elementor-element-c08a37c elementor-widget elementor-widget-text-editor\" data-id=\"c08a37c\" data-element_type=\"widget\" data-e-type=\"widget\" data-settings=\"{&quot;_animation&quot;:&quot;none&quot;}\" data-widget_type=\"text-editor.default\">\n\t\t\t\t<div class=\"elementor-widget-container\">\n\t\t\t\t\t\t\t\t\t<p>Und nat\u00fcrlich freust du dich auf das Studium an der INU. Teile diese Freude mit deinen Freunden!<\/p>\n<p>Wirb jetzt einen oder mehrere deiner Freunde und erhalte einen <strong>Empfehlungsbonus<\/strong>.*<\/p>\n<p><strong>1 Person 150 \u20ac<\/strong><br><strong>2 Person 250 \u20ac<\/strong><br><strong>3 Person 300 \u20ac<\/strong><\/p>\n<p>Und so funktioniert es:<\/p>\n<p>Deine Freunde geben im Bewerbungsformular deinen Namen an. Dann schreibst du uns in einer Mail an: <strong>studienberatung@inu.de<\/strong>, wen du geworben hast. Wenn du bereits&nbsp; an der INU studierst, teile uns bitte auch deine Matrikelnummer in der Mail mit.<br><\/p>\n<p>Du erh\u00e4ltst deinen Empfehlungsbonus im Laufe des Dezembers (Wintersemester) oder im Juni (Sommersemester).<\/p>\n<p><strong>Sprich deine Freunde jetzt an und erlebt gemeinsam eine gro\u00dfartige Studienzeit an der INU!<\/strong><\/p>\t\t\t\t\t\t\t\t<\/div>\n\t\t\t\t<\/div>\n\t\t\t\t\t<\/div>\n\t\t<\/div>\n\t\t\t\t<div class=\"elementor-column elementor-col-50 elementor-top-column elementor-element elementor-element-55253a3\" data-id=\"55253a3\" data-element_type=\"column\" data-e-type=\"column\">\n\t\t\t<div class=\"elementor-widget-wrap elementor-element-populated\">\n\t\t\t\t<div class=\"elementor-element elementor-element-887027d e-con-full e-flex e-con e-child\" data-id=\"887027d\" data-element_type=\"container\" data-e-type=\"container\" data-settings=\"{&quot;background_background&quot;:&quot;classic&quot;}\">\n\t\t<div class=\"elementor-element elementor-element-5689fa5 e-con-full e-flex e-con e-child\" data-id=\"5689fa5\" data-element_type=\"container\" data-e-type=\"container\">\n\t\t<div class=\"elementor-element elementor-element-c434aa6 e-con-full e-flex e-con e-child\" data-id=\"c434aa6\" data-element_type=\"container\" data-e-type=\"container\" data-settings=\"{&quot;background_background&quot;:&quot;classic&quot;}\">\n\t\t\t\t<div class=\"elementor-element elementor-element-b9ce843 elementor-widget elementor-widget-heading\" data-id=\"b9ce843\" data-element_type=\"widget\" data-e-type=\"widget\" data-widget_type=\"heading.default\">\n\t\t\t\t<div class=\"elementor-widget-container\">\n\t\t\t\t\t<h2 class=\"elementor-heading-title elementor-size-default\">Teil uns mit, wen du geworben hast<\/h2>\t\t\t\t<\/div>\n\t\t\t\t<\/div>\n\t\t\t\t<\/div>\n\t\t\t\t<\/div>\n\t\t<div class=\"elementor-element elementor-element-44a5b55 e-con-full e-flex e-con e-child\" data-id=\"44a5b55\" data-element_type=\"container\" data-e-type=\"container\" data-settings=\"{&quot;background_background&quot;:&quot;classic&quot;}\">\n\t\t\t\t<div class=\"elementor-element elementor-element-e448dc0 elementor-button-align-center twnform elementor-widget elementor-widget-form\" data-id=\"e448dc0\" data-element_type=\"widget\" data-e-type=\"widget\" data-settings=\"{&quot;step_next_label&quot;:&quot;Next&quot;,&quot;step_previous_label&quot;:&quot;Previous&quot;,&quot;step_type&quot;:&quot;none&quot;,&quot;button_width&quot;:&quot;100&quot;,&quot;step_icon_shape&quot;:&quot;circle&quot;}\" data-widget_type=\"form.default\">\n\t\t\t\t<div class=\"elementor-widget-container\">\n\t\t\t\t\t        <input type=\"hidden\" class=\"conditional_logic_data_js hidden\" data-form-id=\"New form\" value=\"[]\" \/>\r\n\t\t<form class=\"elementor-form\" method=\"post\" name=\"New form\" aria-label=\"New form\">\n\t\t\t<input type=\"hidden\" name=\"post_id\" value=\"24971\"\/>\n\t\t\t<input type=\"hidden\" name=\"form_id\" value=\"e448dc0\"\/>\n\t\t\t<input type=\"hidden\" name=\"referer_title\" value=\"INU \u2013 Innovative University AG\" \/>\n\n\t\t\t\n\t\t\t<div class=\"elementor-form-fields-wrapper elementor-labels-\">\n\t\t\t\t\t\t\t\t<div class=\"elementor-field-type-html elementor-field-group elementor-column elementor-field-group-field_1157024 elementor-col-100\">\n\t\t\t\t\t<h4>Mein Name lautet:<\/h4>\t\t\t\t<\/div>\n\t\t\t\t\t\t\t\t<div class=\"elementor-field-type-text elementor-field-group elementor-column elementor-field-group-recommended_by elementor-col-100\">\n\t\t\t\t\t\t\t\t\t\t\t\t<label for=\"form-field-recommended_by\" class=\"elementor-field-label elementor-screen-only\">\n\t\t\t\t\t\t\t\ti_recommended\t\t\t\t\t\t\t<\/label>\n\t\t\t\t\t\t\t\t\t\t\t\t\t\t<input size=\"1\" type=\"text\" name=\"form_fields[recommended_by]\" id=\"form-field-recommended_by\" class=\"elementor-field elementor-size-xl  elementor-field-textual\" placeholder=\"Vorname Nachname\">\n\t\t\t\t\t\t\t\t\t\t\t<\/div>\n\t\t\t\t\t\t\t\t<div class=\"elementor-field-type-html elementor-field-group elementor-column elementor-field-group-field_6c80b48 elementor-col-100\">\n\t\t\t\t\t<h4>Ich werbe die folgende Person f\u00fcr ein Studium an der INU:<\/h4>\t\t\t\t<\/div>\n\t\t\t\t\t\t\t\t<div class=\"elementor-field-type-text elementor-field-group elementor-column elementor-field-group-field_ee9bfef elementor-col-100\">\n\t\t\t\t\t\t\t\t\t\t\t\t<label for=\"form-field-field_ee9bfef\" class=\"elementor-field-label elementor-screen-only\">\n\t\t\t\t\t\t\t\trecommended_by\t\t\t\t\t\t\t<\/label>\n\t\t\t\t\t\t\t\t\t\t\t\t\t\t<input size=\"1\" type=\"text\" name=\"form_fields[field_ee9bfef]\" id=\"form-field-field_ee9bfef\" class=\"elementor-field elementor-size-xl  elementor-field-textual\" placeholder=\"Vorname  Nachname\">\n\t\t\t\t\t\t\t\t\t\t\t<\/div>\n\t\t\t\t\t\t\t\t<div class=\"elementor-field-type-acceptance elementor-field-group elementor-column elementor-field-group-field_35d0366 elementor-col-100 elementor-field-required\">\n\t\t\t\t\t\t\t\t\t\t\t\t<label for=\"form-field-field_35d0366\" class=\"elementor-field-label elementor-screen-only\">\n\t\t\t\t\t\t\t\tPrivacy policy\t\t\t\t\t\t\t<\/label>\n\t\t\t\t\t\t\t\t<div class=\"elementor-field-subgroup\">\n\t\t\t<span class=\"elementor-field-option\">\n\t\t\t\t<input type=\"checkbox\" name=\"form_fields[field_35d0366]\" id=\"form-field-field_35d0366\" class=\"elementor-field elementor-size-xl  elementor-acceptance-field\" required=\"required\">\n\t\t\t\t<label for=\"form-field-field_35d0366\">I have taken note of the <a href=\"https:\/\/inu.de\/en\/privacy\/\" target=\"_new\">privacy policy<\/a> as well as the information on the right of withdrawal and the responsible persons.<\/label>\t\t\t<\/span>\n\t\t<\/div>\n\t\t\t\t\t\t<\/div>\n\t\t\t\t\t\t\t\t<div class=\"elementor-field-type-hidden elementor-field-group elementor-column elementor-field-group-field_db526a5 elementor-col-100\">\n\t\t\t\t\t\t\t\t\t\t\t\t\t<input size=\"1\" type=\"hidden\" name=\"form_fields[field_db526a5]\" id=\"form-field-field_db526a5\" class=\"elementor-field elementor-size-xl  elementor-field-textual\">\n\t\t\t\t\t\t\t\t\t\t\t<\/div>\n\t\t\t\t\t\t\t\t<div class=\"elementor-field-type-hidden elementor-field-group elementor-column elementor-field-group-utm_source elementor-col-100\">\n\t\t\t\t\t\t\t\t\t\t\t\t\t<input size=\"1\" type=\"hidden\" name=\"form_fields[utm_source]\" id=\"form-field-utm_source\" class=\"elementor-field elementor-size-xl  elementor-field-textual\">\n\t\t\t\t\t\t\t\t\t\t\t<\/div>\n\t\t\t\t\t\t\t\t<div class=\"elementor-field-type-hidden elementor-field-group elementor-column elementor-field-group-utm_medium elementor-col-100\">\n\t\t\t\t\t\t\t\t\t\t\t\t\t<input size=\"1\" type=\"hidden\" name=\"form_fields[utm_medium]\" id=\"form-field-utm_medium\" class=\"elementor-field elementor-size-xl  elementor-field-textual\">\n\t\t\t\t\t\t\t\t\t\t\t<\/div>\n\t\t\t\t\t\t\t\t<div class=\"elementor-field-type-hidden elementor-field-group elementor-column elementor-field-group-utm_campaign elementor-col-100\">\n\t\t\t\t\t\t\t\t\t\t\t\t\t<input size=\"1\" type=\"hidden\" name=\"form_fields[utm_campaign]\" id=\"form-field-utm_campaign\" class=\"elementor-field elementor-size-xl  elementor-field-textual\">\n\t\t\t\t\t\t\t\t\t\t\t<\/div>\n\t\t\t\t\t\t\t\t<div class=\"elementor-field-type-hidden elementor-field-group elementor-column elementor-field-group-utm_content elementor-col-100\">\n\t\t\t\t\t\t\t\t\t\t\t\t\t<input size=\"1\" type=\"hidden\" name=\"form_fields[utm_content]\" id=\"form-field-utm_content\" class=\"elementor-field elementor-size-xl  elementor-field-textual\">\n\t\t\t\t\t\t\t\t\t\t\t<\/div>\n\t\t\t\t\t\t\t\t<div class=\"elementor-field-type-hidden elementor-field-group elementor-column elementor-field-group-utm_term elementor-col-100\">\n\t\t\t\t\t\t\t\t\t\t\t\t\t<input size=\"1\" type=\"hidden\" name=\"form_fields[utm_term]\" id=\"form-field-utm_term\" class=\"elementor-field elementor-size-xl  elementor-field-textual\">\n\t\t\t\t\t\t\t\t\t\t\t<\/div>\n\t\t\t\t\t\t\t\t<div class=\"elementor-field-group elementor-column elementor-field-type-submit elementor-col-100 e-form__buttons\">\n\t\t\t\t\t<button class=\"elementor-button elementor-size-sm\" type=\"submit\">\n\t\t\t\t\t\t<span class=\"elementor-button-content-wrapper\">\n\t\t\t\t\t\t\t\t\t\t\t\t\t\t\t\t\t\t\t\t\t\t<span class=\"elementor-button-text\">Jetzt abschicken<\/span>\n\t\t\t\t\t\t\t\t\t\t\t\t\t<\/span>\n\t\t\t\t\t<\/button>\n\t\t\t\t<\/div>\n\t\t\t<\/div>\n\t\t<\/form>\n\t\t\t\t\t\t<\/div>\n\t\t\t\t<\/div>\n\t\t\t\t<\/div>\n\t\t\t\t<\/div>\n\t\t\t\t\t<\/div>\n\t\t<\/div>\n\t\t\t\t\t<\/div>\n\t\t<\/section>\n\t\t<div class=\"elementor-element elementor-element-06b2086 e-flex e-con-boxed e-con e-parent\" data-id=\"06b2086\" data-element_type=\"container\" data-e-type=\"container\">\n\t\t\t\t\t<div class=\"e-con-inner\">\n\t\t\t\t<div class=\"elementor-element elementor-element-2e152b2 elementor-widget elementor-widget-text-editor\" data-id=\"2e152b2\" data-element_type=\"widget\" data-e-type=\"widget\" data-settings=\"{&quot;_animation&quot;:&quot;none&quot;}\" data-widget_type=\"text-editor.default\">\n\t\t\t\t<div class=\"elementor-widget-container\">\n\t\t\t\t\t\t\t\t\t<p>*Bedingungen f\u00fcr die Gew\u00e4hrung des Empfehlungsbonus: Du und deine Freunde sind an der INU immatrikuliert und die Widerrufsfrist ist abgelaufen. Ein gegenseitiges Werben ist ausgeschlossen. <\/p>\n\t\t\t\t\t\t\t\t<\/div>\n\t\t\t\t<\/div>\n\t\t\t\t\t<\/div>\n\t\t\t\t<\/div>\n\t\t\t\t<\/div>\n\t\t","protected":false},"excerpt":{"rendered":"<p>FreundewerbenFreunde Hier gehts zur BEwerbung Den Studienweg gemeinsam gehen und Empfehlungsbonus sichern! So geht\u2019s! Du hast bei uns an der INU deinen Studienvertrag unterschrieben und bist immatrikuliert. Und nat\u00fcrlich freust du dich auf das Studium an der INU. Teile diese Freude mit deinen Freunden! Wirb jetzt einen oder mehrere deiner Freunde und erhalte einen Empfehlungsbonus.* [&hellip;]<\/p>\n","protected":false},"author":17,"featured_media":0,"parent":0,"menu_order":0,"comment_status":"closed","ping_status":"closed","template":"","meta":{"footnotes":""},"class_list":["post-24971","page","type-page","status-publish","hentry"],"yoast_head":"<!-- This site is optimized with the Yoast SEO plugin v27.2 - https:\/\/yoast.com\/product\/yoast-seo-wordpress\/ -->\n<title>Bewirb dich in drei Schritten f\u00fcr dein Studium an der INU!<\/title>\n<meta name=\"description\" content=\"M\u00fchelos f\u00fcr dein INU Studium bewerben \u2713 Unkompliziertes Hochladen von Dokumenten \u2713 Studium auch ohne Abitur \u2713 Beratung \u260e 0221 669921 33\" \/>\n<meta name=\"robots\" content=\"noindex, follow\" \/>\n<meta property=\"og:locale\" content=\"en_US\" \/>\n<meta property=\"og:type\" content=\"article\" \/>\n<meta property=\"og:title\" content=\"Bewirb dich in drei Schritten f\u00fcr dein Studium an der INU!\" \/>\n<meta property=\"og:description\" content=\"M\u00fchelos f\u00fcr dein INU Studium bewerben \u2713 Unkompliziertes Hochladen von Dokumenten \u2713 Studium auch ohne Abitur \u2713 Beratung \u260e 0221 669921 33\" \/>\n<meta property=\"og:url\" content=\"https:\/\/inu.de\/en\/freunde-werben-freunde\/\" \/>\n<meta property=\"og:site_name\" content=\"INU \u2013 Innovative University AG\" \/>\n<meta property=\"article:publisher\" content=\"https:\/\/www.facebook.com\/INU.Hochschule\" \/>\n<meta property=\"article:modified_time\" content=\"2024-08-09T11:32:42+00:00\" \/>\n<meta property=\"og:image\" content=\"https:\/\/inu.de\/wp-content\/uploads\/2024\/08\/Freunde_werben_Freunde_inu-1024x683.jpg\" \/>\n<meta name=\"twitter:card\" content=\"summary_large_image\" \/>\n<meta name=\"twitter:site\" content=\"@INU_Hochschule\" \/>\n<meta name=\"twitter:label1\" content=\"Est. reading time\" \/>\n\t<meta name=\"twitter:data1\" content=\"2 minutes\" \/>\n<script type=\"application\/ld+json\" class=\"yoast-schema-graph\">{\"@context\":\"https:\/\/schema.org\",\"@graph\":[{\"@type\":\"WebPage\",\"@id\":\"https:\/\/inu.de\/en\/freunde-werben-freunde\/\",\"url\":\"https:\/\/inu.de\/en\/freunde-werben-freunde\/\",\"name\":\"Bewirb dich in drei Schritten f\u00fcr dein Studium an der INU!\",\"isPartOf\":{\"@id\":\"https:\/\/inu.de\/#website\"},\"primaryImageOfPage\":{\"@id\":\"https:\/\/inu.de\/en\/freunde-werben-freunde\/#primaryimage\"},\"image\":{\"@id\":\"https:\/\/inu.de\/en\/freunde-werben-freunde\/#primaryimage\"},\"thumbnailUrl\":\"https:\/\/inu.de\/wp-content\/uploads\/2024\/08\/Freunde_werben_Freunde_inu-1024x683.jpg\",\"datePublished\":\"2024-08-08T10:06:19+00:00\",\"dateModified\":\"2024-08-09T11:32:42+00:00\",\"description\":\"M\u00fchelos f\u00fcr dein INU Studium bewerben \u2713 Unkompliziertes Hochladen von Dokumenten \u2713 Studium auch ohne Abitur \u2713 Beratung \u260e 0221 669921 33\",\"breadcrumb\":{\"@id\":\"https:\/\/inu.de\/en\/freunde-werben-freunde\/#breadcrumb\"},\"inLanguage\":\"en-US\",\"potentialAction\":[{\"@type\":\"ReadAction\",\"target\":[\"https:\/\/inu.de\/en\/freunde-werben-freunde\/\"]}]},{\"@type\":\"ImageObject\",\"inLanguage\":\"en-US\",\"@id\":\"https:\/\/inu.de\/en\/freunde-werben-freunde\/#primaryimage\",\"url\":\"https:\/\/inu.de\/wp-content\/uploads\/2024\/08\/Freunde_werben_Freunde_inu-1024x683.jpg\",\"contentUrl\":\"https:\/\/inu.de\/wp-content\/uploads\/2024\/08\/Freunde_werben_Freunde_inu-1024x683.jpg\"},{\"@type\":\"BreadcrumbList\",\"@id\":\"https:\/\/inu.de\/en\/freunde-werben-freunde\/#breadcrumb\",\"itemListElement\":[{\"@type\":\"ListItem\",\"position\":1,\"name\":\"Startseite\",\"item\":\"https:\/\/inu.de\/\"},{\"@type\":\"ListItem\",\"position\":2,\"name\":\"Freunde werben Freunde\"}]},{\"@type\":\"WebSite\",\"@id\":\"https:\/\/inu.de\/#website\",\"url\":\"https:\/\/inu.de\/\",\"name\":\"INU \u2013 Innovative University AG\",\"description\":\"Die Online Hochschule f\u00fcr dein digitales Studium\",\"publisher\":{\"@id\":\"https:\/\/inu.de\/#organization\"},\"alternateName\":\"INU - Innovative University AG\",\"potentialAction\":[{\"@type\":\"SearchAction\",\"target\":{\"@type\":\"EntryPoint\",\"urlTemplate\":\"https:\/\/inu.de\/?s={search_term_string}\"},\"query-input\":{\"@type\":\"PropertyValueSpecification\",\"valueRequired\":true,\"valueName\":\"search_term_string\"}}],\"inLanguage\":\"en-US\"},{\"@type\":\"Organization\",\"@id\":\"https:\/\/inu.de\/#organization\",\"name\":\"INU - Innovative Hochschule\",\"alternateName\":\"INU - Innovative University AG\",\"url\":\"https:\/\/inu.de\/\",\"logo\":{\"@type\":\"ImageObject\",\"inLanguage\":\"en-US\",\"@id\":\"https:\/\/inu.de\/#\/schema\/logo\/image\/\",\"url\":\"https:\/\/inu.de\/wp-content\/uploads\/2022\/03\/inu_logo.svg\",\"contentUrl\":\"https:\/\/inu.de\/wp-content\/uploads\/2022\/03\/inu_logo.svg\",\"width\":595,\"height\":606,\"caption\":\"INU - Innovative Hochschule\"},\"image\":{\"@id\":\"https:\/\/inu.de\/#\/schema\/logo\/image\/\"},\"sameAs\":[\"https:\/\/www.facebook.com\/INU.Hochschule\",\"https:\/\/x.com\/INU_Hochschule\"]}]}<\/script>\n<!-- \/ Yoast SEO plugin. -->","yoast_head_json":{"title":"Bewirb dich in drei Schritten f\u00fcr dein Studium an der INU!","description":"M\u00fchelos f\u00fcr dein INU Studium bewerben \u2713 Unkompliziertes Hochladen von Dokumenten \u2713 Studium auch ohne Abitur \u2713 Beratung \u260e 0221 669921 33","robots":{"index":"noindex","follow":"follow"},"og_locale":"en_US","og_type":"article","og_title":"Bewirb dich in drei Schritten f\u00fcr dein Studium an der INU!","og_description":"M\u00fchelos f\u00fcr dein INU Studium bewerben \u2713 Unkompliziertes Hochladen von Dokumenten \u2713 Studium auch ohne Abitur \u2713 Beratung \u260e 0221 669921 33","og_url":"https:\/\/inu.de\/en\/freunde-werben-freunde\/","og_site_name":"INU \u2013 Innovative University AG","article_publisher":"https:\/\/www.facebook.com\/INU.Hochschule","article_modified_time":"2024-08-09T11:32:42+00:00","og_image":[{"url":"https:\/\/inu.de\/wp-content\/uploads\/2024\/08\/Freunde_werben_Freunde_inu-1024x683.jpg","type":"","width":"","height":""}],"twitter_card":"summary_large_image","twitter_site":"@INU_Hochschule","twitter_misc":{"Est. reading time":"2 minutes"},"schema":{"@context":"https:\/\/schema.org","@graph":[{"@type":"WebPage","@id":"https:\/\/inu.de\/en\/freunde-werben-freunde\/","url":"https:\/\/inu.de\/en\/freunde-werben-freunde\/","name":"Bewirb dich in drei Schritten f\u00fcr dein Studium an der INU!","isPartOf":{"@id":"https:\/\/inu.de\/#website"},"primaryImageOfPage":{"@id":"https:\/\/inu.de\/en\/freunde-werben-freunde\/#primaryimage"},"image":{"@id":"https:\/\/inu.de\/en\/freunde-werben-freunde\/#primaryimage"},"thumbnailUrl":"https:\/\/inu.de\/wp-content\/uploads\/2024\/08\/Freunde_werben_Freunde_inu-1024x683.jpg","datePublished":"2024-08-08T10:06:19+00:00","dateModified":"2024-08-09T11:32:42+00:00","description":"M\u00fchelos f\u00fcr dein INU Studium bewerben \u2713 Unkompliziertes Hochladen von Dokumenten \u2713 Studium auch ohne Abitur \u2713 Beratung \u260e 0221 669921 33","breadcrumb":{"@id":"https:\/\/inu.de\/en\/freunde-werben-freunde\/#breadcrumb"},"inLanguage":"en-US","potentialAction":[{"@type":"ReadAction","target":["https:\/\/inu.de\/en\/freunde-werben-freunde\/"]}]},{"@type":"ImageObject","inLanguage":"en-US","@id":"https:\/\/inu.de\/en\/freunde-werben-freunde\/#primaryimage","url":"https:\/\/inu.de\/wp-content\/uploads\/2024\/08\/Freunde_werben_Freunde_inu-1024x683.jpg","contentUrl":"https:\/\/inu.de\/wp-content\/uploads\/2024\/08\/Freunde_werben_Freunde_inu-1024x683.jpg"},{"@type":"BreadcrumbList","@id":"https:\/\/inu.de\/en\/freunde-werben-freunde\/#breadcrumb","itemListElement":[{"@type":"ListItem","position":1,"name":"Startseite","item":"https:\/\/inu.de\/"},{"@type":"ListItem","position":2,"name":"Freunde werben Freunde"}]},{"@type":"WebSite","@id":"https:\/\/inu.de\/#website","url":"https:\/\/inu.de\/","name":"INU \u2013 Innovative University AG","description":"Die Online Hochschule f\u00fcr dein digitales Studium","publisher":{"@id":"https:\/\/inu.de\/#organization"},"alternateName":"INU - Innovative University AG","potentialAction":[{"@type":"SearchAction","target":{"@type":"EntryPoint","urlTemplate":"https:\/\/inu.de\/?s={search_term_string}"},"query-input":{"@type":"PropertyValueSpecification","valueRequired":true,"valueName":"search_term_string"}}],"inLanguage":"en-US"},{"@type":"Organization","@id":"https:\/\/inu.de\/#organization","name":"INU - Innovative Hochschule","alternateName":"INU - Innovative University AG","url":"https:\/\/inu.de\/","logo":{"@type":"ImageObject","inLanguage":"en-US","@id":"https:\/\/inu.de\/#\/schema\/logo\/image\/","url":"https:\/\/inu.de\/wp-content\/uploads\/2022\/03\/inu_logo.svg","contentUrl":"https:\/\/inu.de\/wp-content\/uploads\/2022\/03\/inu_logo.svg","width":595,"height":606,"caption":"INU - Innovative Hochschule"},"image":{"@id":"https:\/\/inu.de\/#\/schema\/logo\/image\/"},"sameAs":["https:\/\/www.facebook.com\/INU.Hochschule","https:\/\/x.com\/INU_Hochschule"]}]}},"_links":{"self":[{"href":"https:\/\/inu.de\/en\/wp-json\/wp\/v2\/pages\/24971","targetHints":{"allow":["GET"]}}],"collection":[{"href":"https:\/\/inu.de\/en\/wp-json\/wp\/v2\/pages"}],"about":[{"href":"https:\/\/inu.de\/en\/wp-json\/wp\/v2\/types\/page"}],"author":[{"embeddable":true,"href":"https:\/\/inu.de\/en\/wp-json\/wp\/v2\/users\/17"}],"replies":[{"embeddable":true,"href":"https:\/\/inu.de\/en\/wp-json\/wp\/v2\/comments?post=24971"}],"version-history":[{"count":0,"href":"https:\/\/inu.de\/en\/wp-json\/wp\/v2\/pages\/24971\/revisions"}],"wp:attachment":[{"href":"https:\/\/inu.de\/en\/wp-json\/wp\/v2\/media?parent=24971"}],"curies":[{"name":"wp","href":"https:\/\/api.w.org\/{rel}","templated":true}]}}